{"id":4285,"date":"2018-01-16T10:11:37","date_gmt":"2018-01-16T10:11:37","guid":{"rendered":"https:\/\/topconsulting.md\/about\/"},"modified":"2019-05-10T14:54:56","modified_gmt":"2019-05-10T14:54:56","slug":"despre-noi","status":"publish","type":"page","link":"https:\/\/topconsulting.md\/ro\/despre-noi\/","title":{"rendered":"Despre noi"},"content":{"rendered":"<p>[vc_row full_width=&#8221;stretch_row&#8221; el_class=&#8221;about-section about-page&#8221; css=&#8221;.vc_custom_1551714918895{padding-bottom: 40px !important;}&#8221;][vc_column][vc_column_text]<\/p>\n<p style=\"text-align: left;\"><em><strong>\u201c\u00cencrederea este pentru orice companie cel mai important capital, f\u0103r\u0103 de care nu se poate realiza nimic. Ea creaz\u0103 \u00een orice domeniu premisele unei evolu\u0163ii prospere\u201d<\/strong><\/em><\/p>\n<p style=\"text-align: right;\"><strong>ALBERT SCHWAITSER<\/strong><br \/>\n<em>(filosof german)<\/em><\/p>\n<p><strong>Noi suntem\u00a0compania Top Consulting\u00a0<\/strong><\/p>\n<ol>\n<li><strong>Profesionalismul \u0219i etica<\/strong> \u00een\u00a0 derularea proiectelor asigur\u0103 colaborarea de lung\u0103 durat\u0103;<\/li>\n<li>Experien\u021ba practic\u0103 a echipei\u00a0<strong>Top Consulting\u00a0<\/strong>acoper\u0103\u00a0<strong>diverse domenii<\/strong>\u00a0de activitate, precum:<\/li>\n<\/ol>\n<ul>\n<li><strong>Producerea\u00a0<\/strong>vinicol\u0103 \u015fi a b\u0103uturilor alcoolice tari, de lactate, de ulei vegetal, de mezeluri \u015fi produse din carne, de saune, solarii, cabine IR, articole din plastic;<\/li>\n<li><strong>Comer\u0163ul\u00a0<\/strong><strong>\u0219i distribu\u021bie<\/strong> de produse alimentare \u0219i nealimentare, montare de sisteme antiincendiare \u015fi de securitate;<\/li>\n<li><strong>Servicii\u00a0<\/strong>de transport interna\u0163ional, de logistic\u0103 \u0219i asistent\u0103 vamal\u0103, servicii de organizare a expozi\u0163iilor, servicii de consultan\u0163\u0103 juridic\u0103, financiar\u0103, resurse umane \u015fi de management,\u00a0 servicii de Instruire \u015fi Calificare profesional\u0103, repara\u0163ia automobilelor \u015fi a sistemelor IT.<\/li>\n<\/ul>\n<ol start=\"3\">\n<li>Solu\u021biile propuse de c\u0103tre Top Consulting sunt\u00a0<strong>orientate c\u0103tre rezultat<\/strong>;<\/li>\n<li><strong>Flexibilitatea\u00a0<\/strong>de care d\u0103m dovad\u0103 ne permite s\u0103 ne adaptam la nevoile specifice fiecarui client \u0219i s\u0103 identificam solu\u021biile pentru a asigura succesul acestuia;<\/li>\n<li>Strategia de comunicare abordat\u0103 de c\u0103tre\u00a0<strong>Top Consulting\u00a0<\/strong>fa\u021b\u0103 de clien\u021bi este\u00a0<strong>Win-Win<\/strong>, aceasta fiind asigurat\u0103 prin prisma \u201c<strong>Parteneriatului de durat\u0103<\/strong>\u201d;<\/li>\n<li>Colaborarea <strong>cu organiza\u021biile \u0219i proiectele interna\u021bionale<\/strong> permite Top Consulting s\u0103 asigure o continu\u0103 cre\u0219tere a performan\u021bei, orientat\u0103 spre stimularea companiilor beneficiare;<\/li>\n<li><strong style=\"letter-spacing: 0.03em;\">Acredit\u0103ri\u00a0<\/strong><span style=\"letter-spacing: 0.03em;\">\u00een proiecte interna\u021bionale \u0219i conlucrare cu companii recunoscute pe plan mondial ne ofer\u0103 un credit de \u00eencredere \u00een rezultat.<\/span><\/li>\n<\/ol>\n<p>[\/vc_column_text][vc_column_text]<\/p>\n<p class=\"highlight\">Suntem mereu bucuro\u0219i s\u0103 r\u0103spundem oric\u0103rei solicit\u0103ri din partea Dvs.!<\/p>\n<p>[\/vc_column_text][\/vc_column][\/vc_row]<\/p>\n","protected":false},"excerpt":{"rendered":"<p>[vc_row full_width=&#8221;stretch_row&#8221; el_class=&#8221;about-section about-page&#8221; css=&#8221;.vc_custom_1551714918895{padding-bottom: 40px !important;}&#8221;][vc_column][vc_column_text] \u201c\u00cencrederea este pentru orice companie cel mai important capital, f\u0103r\u0103 de care nu se poate realiza nimic. Ea creaz\u0103 \u00een orice domeniu premisele [&hellip;]<\/p>\n","protected":false},"author":1,"featured_media":0,"parent":0,"menu_order":1,"comment_status":"closed","ping_status":"closed","template":"","meta":{"advgb_blocks_editor_width":"","advgb_blocks_columns_visual_guide":"","footnotes":""},"yst_prominent_words":[856,1451,1454,87,1048,1448,1450,1481,772,721,1452,1019,694,771,997,1055,691,1447,1449],"class_list":["post-4285","page","type-page","status-publish","hentry"],"coauthors":[],"author_meta":{"author_link":"https:\/\/topconsulting.md\/ro\/author\/consult\/","display_name":"consult"},"relative_dates":{"created":"Posted 8 ani ago","modified":"Updated 7 ani ago"},"absolute_dates":{"created":"Posted on ianuarie 16, 2018","modified":"Updated on mai 10, 2019"},"absolute_dates_time":{"created":"Posted on ianuarie 16, 2018 10:11 am","modified":"Updated on mai 10, 2019 2:54 pm"},"featured_img_caption":"","featured_img":false,"series_order":"","_links":{"self":[{"href":"https:\/\/topconsulting.md\/ro\/wp-json\/wp\/v2\/pages\/4285\/"}],"collection":[{"href":"https:\/\/topconsulting.md\/ro\/wp-json\/wp\/v2\/pages\/"}],"about":[{"href":"https:\/\/topconsulting.md\/ro\/wp-json\/wp\/v2\/types\/page\/"}],"author":[{"embeddable":true,"href":"https:\/\/topconsulting.md\/ro\/wp-json\/wp\/v2\/users\/1\/"}],"replies":[{"embeddable":true,"href":"https:\/\/topconsulting.md\/ro\/wp-json\/wp\/v2\/comments\/?post=4285"}],"version-history":[{"count":2,"href":"https:\/\/topconsulting.md\/ro\/wp-json\/wp\/v2\/pages\/4285\/revisions\/"}],"predecessor-version":[{"id":5013,"href":"https:\/\/topconsulting.md\/ro\/wp-json\/wp\/v2\/pages\/4285\/revisions\/5013\/"}],"wp:attachment":[{"href":"https:\/\/topconsulting.md\/ro\/wp-json\/wp\/v2\/media\/?parent=4285"}],"wp:term":[{"taxonomy":"yst_prominent_words","embeddable":true,"href":"https:\/\/topconsulting.md\/ro\/wp-json\/wp\/v2\/yst_prominent_words\/?post=4285"}],"curies":[{"name":"wp","href":"https:\/\/api.w.org\/{rel}","templated":true}]}}