{"id":4275,"date":"2019-02-17T11:27:28","date_gmt":"2019-02-17T11:27:28","guid":{"rendered":"https:\/\/topconsulting.md\/internal-audit\/"},"modified":"2019-03-26T17:41:27","modified_gmt":"2019-03-26T17:41:27","slug":"audit-intern","status":"publish","type":"page","link":"https:\/\/topconsulting.md\/ro\/audit-intern\/","title":{"rendered":"Audit Intern"},"content":{"rendered":"<p>[vc_section full_width=&#8221;stretch_row&#8221; el_class=&#8221;single-service-page-area&#8221; css=&#8221;.vc_custom_1532147956300{padding-top: 90px !important;padding-bottom: 40px !important;}&#8221;][vc_row gap=&#8221;10&#8243;][vc_column width=&#8221;1\/4&#8243; el_class=&#8221;tt-sidebar-service-list&#8221;][vc_widget_sidebar sidebar_id=&#8221;default-sidebar&#8221;][\/vc_column][vc_column width=&#8221;3\/4&#8243; el_class=&#8221;has-left-sidebar service-single-content&#8221;][vc_row_inner][vc_column_inner width=&#8221;1\/2&#8243;][vc_icon icon_fontawesome=&#8221;fa fa-info-circle&#8221; color=&#8221;white&#8221; background_style=&#8221;rounded&#8221; background_color=&#8221;blue&#8221; align=&#8221;center&#8221; el_class=&#8221;icon-services-adaptive&#8221; link=&#8221;url:http%3A%2F%2Ftopconsulting.md%2Fro%2Fservice%2Fefectuarea-auditului-intern%2F|||&#8221;][vc_custom_heading text=&#8221;Efectuarea auditului intern&#8221; font_container=&#8221;tag:h4|font_size:20|text_align:left|color:%23242424|line_height:1.2em&#8221; use_theme_fonts=&#8221;yes&#8221; css=&#8221;.vc_custom_1553621992707{margin-top: 0px !important;margin-bottom: 10px !important;padding-left: 80px !important;}&#8221; el_class=&#8221;tt-title&#8221;][vc_column_text css=&#8221;.vc_custom_1553622000146{padding-left: 80px !important;}&#8221;]Un conducator corect \u015fi vigilant este prima persoan\u0103 interesat\u0103 \u00een determinarea punctelor slabe \u00een compania &#8230;[\/vc_column_text][vc_custom_heading text=&#8221;Cite\u0219te mai mult&#8221; font_container=&#8221;tag:h4|font_size:16|text_align:left|color:%23242424|line_height:1em&#8221; use_theme_fonts=&#8221;yes&#8221; css=&#8221;.vc_custom_1553622021472{margin-top: 0px !important;margin-bottom: 10px !important;padding-left: 80px !important;}&#8221; el_class=&#8221;read-more-categories-services&#8221; link=&#8221;url:http%3A%2F%2Ftopconsulting.md%2Fro%2Fservice%2Fefectuarea-auditului-intern%2F|||&#8221;][vc_empty_space height=&#8221;30px&#8221;][\/vc_column_inner][vc_column_inner width=&#8221;1\/2&#8243;][vc_icon icon_fontawesome=&#8221;fa fa-file-text&#8221; color=&#8221;white&#8221; background_style=&#8221;rounded&#8221; background_color=&#8221;blue&#8221; align=&#8221;center&#8221; el_class=&#8221;icon-services-adaptive&#8221; link=&#8221;url:http%3A%2F%2Ftopconsulting.md%2Fro%2Fservice%2Fiso-190112002%2F|||&#8221;][vc_custom_heading text=&#8221;ISO 19011&#8243; font_container=&#8221;tag:h4|font_size:20|text_align:left|color:%23242424|line_height:1.2em&#8221; use_theme_fonts=&#8221;yes&#8221; css=&#8221;.vc_custom_1552594863708{margin-top: 0px !important;margin-bottom: 10px !important;padding-left: 80px !important;}&#8221; el_class=&#8221;tt-title&#8221;][vc_column_text css=&#8221;.vc_custom_1553622043722{padding-left: 80px !important;}&#8221;]Auditul intern\u00a0este un proces sistematic, independent \u015fi documentat\u00a0 \u00een scopul &#8230;[\/vc_column_text][vc_custom_heading text=&#8221;Cite\u0219te mai mult&#8221; font_container=&#8221;tag:h4|font_size:16|text_align:left|color:%23242424|line_height:1em&#8221; use_theme_fonts=&#8221;yes&#8221; css=&#8221;.vc_custom_1553622058475{margin-top: 0px !important;margin-bottom: 10px !important;padding-left: 80px !important;}&#8221; el_class=&#8221;read-more-categories-services&#8221; link=&#8221;url:http%3A%2F%2Ftopconsulting.md%2Fro%2Fservice%2Fiso-190112002%2F|||&#8221;][vc_empty_space height=&#8221;30px&#8221;][\/vc_column_inner][\/vc_row_inner][\/vc_column][\/vc_row][\/vc_section]<\/p>\n","protected":false},"excerpt":{"rendered":"<p>[vc_section full_width=&#8221;stretch_row&#8221; el_class=&#8221;single-service-page-area&#8221; css=&#8221;.vc_custom_1532147956300{padding-top: 90px !important;padding-bottom: 40px !important;}&#8221;][vc_row gap=&#8221;10&#8243;][vc_column width=&#8221;1\/4&#8243; el_class=&#8221;tt-sidebar-service-list&#8221;][vc_widget_sidebar sidebar_id=&#8221;default-sidebar&#8221;][\/vc_column][vc_column width=&#8221;3\/4&#8243; el_class=&#8221;has-left-sidebar service-single-content&#8221;][vc_row_inner][vc_column_inner width=&#8221;1\/2&#8243;][vc_icon icon_fontawesome=&#8221;fa fa-info-circle&#8221; color=&#8221;white&#8221; background_style=&#8221;rounded&#8221; background_color=&#8221;blue&#8221; align=&#8221;center&#8221; el_class=&#8221;icon-services-adaptive&#8221; link=&#8221;url:http%3A%2F%2Ftopconsulting.md%2Fro%2Fservice%2Fefectuarea-auditului-intern%2F|||&#8221;][vc_custom_heading text=&#8221;Efectuarea auditului intern&#8221; font_container=&#8221;tag:h4|font_size:20|text_align:left|color:%23242424|line_height:1.2em&#8221; use_theme_fonts=&#8221;yes&#8221; css=&#8221;.vc_custom_1553621992707{margin-top: [&hellip;]<\/p>\n","protected":false},"author":1,"featured_media":0,"parent":0,"menu_order":2,"comment_status":"closed","ping_status":"closed","template":"","meta":{"advgb_blocks_editor_width":"","advgb_blocks_columns_visual_guide":"","footnotes":""},"yst_prominent_words":[772,721,691,975],"class_list":["post-4275","page","type-page","status-publish","hentry"],"coauthors":[],"author_meta":{"author_link":"https:\/\/topconsulting.md\/ro\/author\/consult\/","display_name":"consult"},"relative_dates":{"created":"Posted 7 ani ago","modified":"Updated 7 ani ago"},"absolute_dates":{"created":"Posted on februarie 17, 2019","modified":"Updated on martie 26, 2019"},"absolute_dates_time":{"created":"Posted on februarie 17, 2019 11:27 am","modified":"Updated on martie 26, 2019 5:41 pm"},"featured_img_caption":"","featured_img":false,"series_order":"","_links":{"self":[{"href":"https:\/\/topconsulting.md\/ro\/wp-json\/wp\/v2\/pages\/4275\/"}],"collection":[{"href":"https:\/\/topconsulting.md\/ro\/wp-json\/wp\/v2\/pages\/"}],"about":[{"href":"https:\/\/topconsulting.md\/ro\/wp-json\/wp\/v2\/types\/page\/"}],"author":[{"embeddable":true,"href":"https:\/\/topconsulting.md\/ro\/wp-json\/wp\/v2\/users\/1\/"}],"replies":[{"embeddable":true,"href":"https:\/\/topconsulting.md\/ro\/wp-json\/wp\/v2\/comments\/?post=4275"}],"version-history":[{"count":0,"href":"https:\/\/topconsulting.md\/ro\/wp-json\/wp\/v2\/pages\/4275\/revisions\/"}],"wp:attachment":[{"href":"https:\/\/topconsulting.md\/ro\/wp-json\/wp\/v2\/media\/?parent=4275"}],"wp:term":[{"taxonomy":"yst_prominent_words","embeddable":true,"href":"https:\/\/topconsulting.md\/ro\/wp-json\/wp\/v2\/yst_prominent_words\/?post=4275"}],"curies":[{"name":"wp","href":"https:\/\/api.w.org\/{rel}","templated":true}]}}