{"id":4271,"date":"2019-02-17T10:58:54","date_gmt":"2019-02-17T10:58:54","guid":{"rendered":"https:\/\/topconsulting.md\/consulting\/"},"modified":"2020-12-21T11:15:46","modified_gmt":"2020-12-21T11:15:46","slug":"consultanta","status":"publish","type":"page","link":"https:\/\/topconsulting.md\/ro\/consultanta\/","title":{"rendered":"Consultan\u021b\u0103"},"content":{"rendered":"<p>[vc_section full_width=&#8221;stretch_row&#8221; el_class=&#8221;single-service-page-area&#8221; css=&#8221;.vc_custom_1532147956300{padding-top: 90px !important;padding-bottom: 40px !important;}&#8221;][vc_row gap=&#8221;10&#8243;][vc_column width=&#8221;1\/4&#8243; el_class=&#8221;tt-sidebar-service-list&#8221;][vc_widget_sidebar sidebar_id=&#8221;default-sidebar&#8221;][vc_empty_space height=&#8221;10px&#8221;][\/vc_column][vc_column width=&#8221;3\/4&#8243; el_class=&#8221;has-left-sidebar service-single-content&#8221;][vc_row_inner][vc_column_inner width=&#8221;1\/2&#8243;][vc_icon icon_fontawesome=&#8221;fa fa-users&#8221; color=&#8221;white&#8221; background_style=&#8221;rounded&#8221; background_color=&#8221;blue&#8221; align=&#8221;center&#8221; el_class=&#8221;icon-services-adaptive&#8221; link=&#8221;url:http%3A%2F%2Ftopconsulting.md%2Fro%2Fservice%2Forganizarea-si-restructurarea-companiei%2F|||&#8221;][vc_custom_heading text=&#8221;Organizarea \u0219i restructurarea companiei&#8221; font_container=&#8221;tag:h4|font_size:20|text_align:left|color:%23242424|line_height:1.2em&#8221; use_theme_fonts=&#8221;yes&#8221; css=&#8221;.vc_custom_1553627340087{margin-top: 0px !important;margin-bottom: 10px !important;padding-left: 80px !important;}&#8221; el_class=&#8221;tt-title&#8221;][vc_column_text css=&#8221;.vc_custom_1553627357672{padding-left: 80px !important;}&#8221;]\u00cen cadrul proiectului de restructurare TOP CONSULTING abordeaz\u0103 &#8230;[\/vc_column_text][vc_custom_heading text=&#8221;Cite\u0219te mai mult&#8221; font_container=&#8221;tag:h4|font_size:16|text_align:left|color:%23242424|line_height:1em&#8221; use_theme_fonts=&#8221;yes&#8221; css=&#8221;.vc_custom_1553627380552{margin-top: 0px !important;margin-bottom: 10px !important;padding-left: 80px !important;}&#8221; el_class=&#8221;read-more-categories-services&#8221; link=&#8221;url:http%3A%2F%2Ftopconsulting.md%2Fro%2Fservice%2Forganizarea-si-restructurarea-companiei%2F|||&#8221;][vc_empty_space height=&#8221;30px&#8221;][\/vc_column_inner][vc_column_inner width=&#8221;1\/2&#8243;][vc_icon icon_fontawesome=&#8221;fa fa-certificate&#8221; color=&#8221;white&#8221; background_style=&#8221;rounded&#8221; background_color=&#8221;blue&#8221; align=&#8221;center&#8221; el_class=&#8221;icon-services-adaptive&#8221; link=&#8221;url:http%3A%2F%2Ftopconsulting.md%2Fro%2Fservice%2Felaborarea-si-implementarea-sim%2F|||&#8221;][vc_custom_heading text=&#8221;Elaborarea \u0219i implementarea SIM&#8221; font_container=&#8221;tag:h4|font_size:20|text_align:left|color:%23242424|line_height:1.2em&#8221; use_theme_fonts=&#8221;yes&#8221; css=&#8221;.vc_custom_1553636041684{margin-top: 0px !important;margin-bottom: 10px !important;padding-left: 80px !important;}&#8221; el_class=&#8221;tt-title&#8221;][vc_column_text css=&#8221;.vc_custom_1553636050371{padding-left: 80px !important;}&#8221;]Implementarea unui sistem de management al calit\u0103\u021bii \u00een orice organiza\u021bie, fie ea mare sau mic\u0103, nu este &#8230;[\/vc_column_text][vc_custom_heading text=&#8221;Cite\u0219te mai mult&#8221; font_container=&#8221;tag:h4|font_size:16|text_align:left|color:%23242424|line_height:1em&#8221; use_theme_fonts=&#8221;yes&#8221; css=&#8221;.vc_custom_1553636063277{margin-top: 0px !important;margin-bottom: 10px !important;padding-left: 80px !important;}&#8221; el_class=&#8221;read-more-categories-services&#8221; link=&#8221;url:http%3A%2F%2Ftopconsulting.md%2Fro%2Fservice%2Felaborarea-si-implementarea-sim%2F|||&#8221;][vc_empty_space height=&#8221;30px&#8221;][\/vc_column_inner][\/vc_row_inner][vc_row_inner][vc_column_inner width=&#8221;1\/2&#8243;][vc_icon icon_fontawesome=&#8221;fa fa-check-square-o&#8221; color=&#8221;white&#8221; background_style=&#8221;rounded&#8221; background_color=&#8221;blue&#8221; align=&#8221;center&#8221; el_class=&#8221;icon-services-adaptive&#8221; link=&#8221;url:http%3A%2F%2Ftopconsulting.md%2Fro%2Fservice%2Fiso-9001%2F|||&#8221;][vc_custom_heading text=&#8221;Elaborarea \u0219i implementarea sistemului de management conform ISO 9001&#8243; font_container=&#8221;tag:h4|font_size:20|text_align:left|color:%23242424|line_height:1.2em&#8221; use_theme_fonts=&#8221;yes&#8221; css=&#8221;.vc_custom_1553637115414{margin-top: 0px !important;margin-bottom: 10px !important;padding-left: 80px !important;}&#8221; el_class=&#8221;tt-title&#8221;][vc_column_text css=&#8221;.vc_custom_1553636103555{padding-left: 80px !important;}&#8221;]Sistemul de management al calitatii este un sistem de management orientat &#8230;[\/vc_column_text][vc_custom_heading text=&#8221;Cite\u0219te mai mult&#8221; font_container=&#8221;tag:h4|font_size:16|text_align:left|color:%23242424|line_height:1em&#8221; use_theme_fonts=&#8221;yes&#8221; css=&#8221;.vc_custom_1553636127860{margin-top: 0px !important;margin-bottom: 10px !important;padding-left: 80px !important;}&#8221; el_class=&#8221;read-more-categories-services&#8221; link=&#8221;url:http%3A%2F%2Ftopconsulting.md%2Fro%2Fservice%2Fiso-9001%2F|||&#8221;][vc_empty_space height=&#8221;30px&#8221;][\/vc_column_inner][vc_column_inner width=&#8221;1\/2&#8243;][vc_icon icon_fontawesome=&#8221;fa fa-cutlery&#8221; color=&#8221;white&#8221; background_style=&#8221;rounded&#8221; background_color=&#8221;blue&#8221; align=&#8221;center&#8221; el_class=&#8221;icon-services-adaptive&#8221; link=&#8221;url:http%3A%2F%2Ftopconsulting.md%2Fro%2Fservice%2Fiso-22000%2F|||&#8221;][vc_custom_heading text=&#8221;Elaborarea \u0219i implementarea sistemului de management conform ISO 22000&#8243; font_container=&#8221;tag:h4|font_size:20|text_align:left|color:%23242424|line_height:1.2em&#8221; use_theme_fonts=&#8221;yes&#8221; css=&#8221;.vc_custom_1553637122036{margin-top: 0px !important;margin-bottom: 10px !important;padding-left: 80px !important;}&#8221; el_class=&#8221;tt-title&#8221;][vc_column_text css=&#8221;.vc_custom_1553636145434{padding-left: 80px !important;}&#8221;]ISO 22000 este un standard international, elaborat pentru a asigura securitatea &#8230;[\/vc_column_text][vc_custom_heading text=&#8221;Cite\u0219te mai mult&#8221; font_container=&#8221;tag:h4|font_size:16|text_align:left|color:%23242424|line_height:1em&#8221; use_theme_fonts=&#8221;yes&#8221; css=&#8221;.vc_custom_1553636167267{margin-top: 0px !important;margin-bottom: 10px !important;padding-left: 80px !important;}&#8221; el_class=&#8221;read-more-categories-services&#8221; link=&#8221;url:http%3A%2F%2Ftopconsulting.md%2Fro%2Fservice%2Fiso-22000%2F|||&#8221;][vc_empty_space height=&#8221;30px&#8221;][\/vc_column_inner][\/vc_row_inner][vc_row_inner][vc_column_inner width=&#8221;1\/2&#8243;][vc_icon icon_fontawesome=&#8221;fa fa-recycle&#8221; color=&#8221;white&#8221; background_style=&#8221;rounded&#8221; background_color=&#8221;blue&#8221; align=&#8221;center&#8221; el_class=&#8221;icon-services-adaptive&#8221; link=&#8221;url:http%3A%2F%2Ftopconsulting.md%2Fro%2Fservice%2Fiso-14000%2F|||&#8221;][vc_custom_heading text=&#8221;Elaborarea \u0219i implementarea sistemului de management conform ISO 14000&#8243; font_container=&#8221;tag:h4|font_size:20|text_align:left|color:%23242424|line_height:1.2em&#8221; use_theme_fonts=&#8221;yes&#8221; css=&#8221;.vc_custom_1553637128373{margin-top: 0px !important;margin-bottom: 10px !important;padding-left: 80px !important;}&#8221; el_class=&#8221;tt-title&#8221; link=&#8221;|||&#8221;][vc_column_text css=&#8221;.vc_custom_1553636235379{padding-left: 80px !important;}&#8221;]ISO 14001 este un standard care prevede cerin\u0163e pentru proiectarea, implementarea &#8230;[\/vc_column_text][vc_custom_heading text=&#8221;Cite\u0219te mai mult&#8221; font_container=&#8221;tag:h4|font_size:16|text_align:left|color:%23242424|line_height:1em&#8221; use_theme_fonts=&#8221;yes&#8221; css=&#8221;.vc_custom_1553636251260{margin-top: 0px !important;margin-bottom: 10px !important;padding-left: 80px !important;}&#8221; el_class=&#8221;read-more-categories-services&#8221; link=&#8221;url:http%3A%2F%2Ftopconsulting.md%2Fro%2Fservice%2Fiso-14000%2F|||&#8221;][vc_empty_space height=&#8221;30px&#8221;][\/vc_column_inner][vc_column_inner width=&#8221;1\/2&#8243;][vc_icon icon_fontawesome=&#8221;fa fa-globe&#8221; color=&#8221;white&#8221; background_style=&#8221;rounded&#8221; background_color=&#8221;blue&#8221; align=&#8221;center&#8221; el_class=&#8221;icon-services-adaptive&#8221; link=&#8221;url:http%3A%2F%2Ftopconsulting.md%2Fro%2Fservice%2Fiso-27000%2F|||&#8221;][vc_custom_heading text=&#8221;Elaborarea \u0219i implementarea sistemului de management conform ISO 27000&#8243; font_container=&#8221;tag:h4|font_size:20|text_align:left|color:%23242424|line_height:1.2em&#8221; use_theme_fonts=&#8221;yes&#8221; css=&#8221;.vc_custom_1553637135037{margin-top: 0px !important;margin-bottom: 10px !important;padding-left: 80px !important;}&#8221; el_class=&#8221;tt-title&#8221;][vc_column_text css=&#8221;.vc_custom_1553636437939{padding-left: 80px !important;}&#8221;]\u00cen conjunctura actual\u0103, c\u00e2nd informa\u0163iile sunt privite ca resurse esen\u0163iale pentru &#8230;[\/vc_column_text][vc_custom_heading text=&#8221;Cite\u0219te mai mult&#8221; font_container=&#8221;tag:h4|font_size:16|text_align:left|color:%23242424|line_height:1em&#8221; use_theme_fonts=&#8221;yes&#8221; css=&#8221;.vc_custom_1553636456188{margin-top: 0px !important;margin-bottom: 10px !important;padding-left: 80px !important;}&#8221; el_class=&#8221;read-more-categories-services&#8221; link=&#8221;url:http%3A%2F%2Ftopconsulting.md%2Fro%2Fservice%2Fiso-27000%2F|||&#8221;][vc_empty_space height=&#8221;30px&#8221;][\/vc_column_inner][\/vc_row_inner][vc_row_inner][vc_column_inner width=&#8221;1\/2&#8243;][vc_icon icon_fontawesome=&#8221;fa fa-medkit&#8221; color=&#8221;white&#8221; background_style=&#8221;rounded&#8221; background_color=&#8221;blue&#8221; align=&#8221;center&#8221; el_class=&#8221;icon-services-adaptive&#8221; link=&#8221;url:http%3A%2F%2Ftopconsulting.md%2Fro%2Fservice%2Fiso-45001%2F|||&#8221;][vc_custom_heading text=&#8221;Elaborarea \u0219i implementarea sistemului de management conform ISO 45001&#8243; font_container=&#8221;tag:h4|font_size:20|text_align:left|color:%23242424|line_height:1.2em&#8221; use_theme_fonts=&#8221;yes&#8221; css=&#8221;.vc_custom_1553637141692{margin-top: 0px !important;margin-bottom: 10px !important;padding-left: 80px !important;}&#8221; el_class=&#8221;tt-title&#8221;][vc_column_text css=&#8221;.vc_custom_1553636418131{padding-left: 80px !important;}&#8221;]ISO 45001 S\u0103n\u0103tatea si Securitatea \u00een Munc\u0103 (Occupational Health and Safety Assessement &#8230;[\/vc_column_text][vc_custom_heading text=&#8221;Cite\u0219te mai mult&#8221; font_container=&#8221;tag:h4|font_size:16|text_align:left|color:%23242424|line_height:1em&#8221; use_theme_fonts=&#8221;yes&#8221; css=&#8221;.vc_custom_1553636394084{margin-top: 0px !important;margin-bottom: 10px !important;padding-left: 80px !important;}&#8221; el_class=&#8221;read-more-categories-services&#8221; link=&#8221;url:http%3A%2F%2Ftopconsulting.md%2Fro%2Fservice%2Fiso-45001%2F|||&#8221;][vc_empty_space height=&#8221;30px&#8221;][\/vc_column_inner][vc_column_inner width=&#8221;1\/2&#8243;][vc_icon type=&#8221;material&#8221; icon_material=&#8221;vc-material vc-material-playlist_add_check&#8221; color=&#8221;white&#8221; background_style=&#8221;rounded&#8221; background_color=&#8221;blue&#8221; align=&#8221;center&#8221; el_class=&#8221;icon-services-adaptive&#8221; link=&#8221;url:http%3A%2F%2Ftopconsulting.md%2Fro%2Fservice%2Fstandard-halal%2F|||&#8221;][vc_custom_heading text=&#8221;Elaborarea \u0219i implementarea Sistemului de Management conform standardului HALAL&#8221; font_container=&#8221;tag:h4|font_size:20|text_align:left|color:%23242424|line_height:1.2em&#8221; use_theme_fonts=&#8221;yes&#8221; css=&#8221;.vc_custom_1553637191588{margin-top: 0px !important;margin-bottom: 10px !important;padding-left: 80px !important;}&#8221; el_class=&#8221;tt-title&#8221;][vc_column_text css=&#8221;.vc_custom_1553636474563{padding-left: 80px !important;}&#8221;]Termenul arab Halal \u00eenseamn\u0103 \u201ecorect&#8221;, \u201epermis&#8221;, \u00een\u0163eles deci ca orice lucru &#8230;[\/vc_column_text][vc_custom_heading text=&#8221;Cite\u0219te mai mult&#8221; font_container=&#8221;tag:h4|font_size:16|text_align:left|color:%23242424|line_height:1em&#8221; use_theme_fonts=&#8221;yes&#8221; css=&#8221;.vc_custom_1553636491219{margin-top: 0px !important;margin-bottom: 10px !important;padding-left: 80px !important;}&#8221; el_class=&#8221;read-more-categories-services&#8221; link=&#8221;url:http%3A%2F%2Ftopconsulting.md%2Fro%2Fservice%2Fstandard-halal%2F|||&#8221;][vc_empty_space height=&#8221;30px&#8221;][\/vc_column_inner][\/vc_row_inner][vc_row_inner][vc_column_inner width=&#8221;1\/2&#8243;][vc_icon icon_fontawesome=&#8221;fa fa-leaf&#8221; color=&#8221;white&#8221; background_style=&#8221;rounded&#8221; background_color=&#8221;blue&#8221; align=&#8221;center&#8221; el_class=&#8221;icon-services-adaptive&#8221; link=&#8221;url:http%3A%2F%2Ftopconsulting.md%2Fro%2Fservice%2Fstandard-global-g-a-p%2F|||&#8221;][vc_custom_heading text=&#8221;Elaborarea \u0219i implementarea Sistemului de Management conform standardului Global G.A.P.&#8221; font_container=&#8221;tag:h4|font_size:20|text_align:left|color:%23242424|line_height:1.2em&#8221; use_theme_fonts=&#8221;yes&#8221; css=&#8221;.vc_custom_1553637197724{margin-top: 0px !important;margin-bottom: 10px !important;padding-left: 80px !important;}&#8221; el_class=&#8221;tt-title&#8221;][vc_column_text css=&#8221;.vc_custom_1553636524763{padding-left: 80px !important;}&#8221;]Bunele practici agricole sunt &#8222;practici care abordeaz\u0103 durabilitatea ecologic\u0103, economic\u0103 \u0219i social\u0103 &#8230;[\/vc_column_text][vc_custom_heading text=&#8221;Cite\u0219te mai mult&#8221; font_container=&#8221;tag:h4|font_size:16|text_align:left|color:%23242424|line_height:1em&#8221; use_theme_fonts=&#8221;yes&#8221; css=&#8221;.vc_custom_1553636554091{margin-top: 0px !important;margin-bottom: 10px !important;padding-left: 80px !important;}&#8221; el_class=&#8221;read-more-categories-services&#8221; link=&#8221;url:http%3A%2F%2Ftopconsulting.md%2Fro%2Fservice%2Fstandard-global-g-a-p%2F|||&#8221;][vc_empty_space height=&#8221;30px&#8221;][\/vc_column_inner][vc_column_inner width=&#8221;1\/2&#8243;][vc_icon icon_fontawesome=&#8221;fa fa-handshake-o&#8221; color=&#8221;white&#8221; background_style=&#8221;rounded&#8221; background_color=&#8221;blue&#8221; align=&#8221;center&#8221; el_class=&#8221;icon-services-adaptive&#8221; link=&#8221;url:http%3A%2F%2Ftopconsulting.md%2Fro%2Fservice%2Fasistenta-procesuala-in-implementarea-sistemelor-operationale%2F|||&#8221;][vc_custom_heading text=&#8221;Asisten\u021ba procesual\u0103 \u00een implementarea sistemelor opera\u021bionale&#8221; font_container=&#8221;tag:h4|font_size:20|text_align:left|color:%23242424|line_height:1.2em&#8221; use_theme_fonts=&#8221;yes&#8221; css=&#8221;.vc_custom_1553636570716{margin-top: 0px !important;margin-bottom: 10px !important;padding-left: 80px !important;}&#8221; el_class=&#8221;tt-title&#8221;][vc_column_text css=&#8221;.vc_custom_1553636576076{padding-left: 80px !important;}&#8221;]Toate afacerile se schimb\u0103, indiferent dac\u0103 se datoreaz\u0103 &#8230;[\/vc_column_text][vc_custom_heading text=&#8221;Cite\u0219te mai mult&#8221; font_container=&#8221;tag:h4|font_size:16|text_align:left|color:%23242424|line_height:1em&#8221; use_theme_fonts=&#8221;yes&#8221; css=&#8221;.vc_custom_1553636609216{margin-top: 0px !important;margin-bottom: 10px !important;padding-left: 80px !important;}&#8221; el_class=&#8221;read-more-categories-services&#8221; link=&#8221;url:http%3A%2F%2Ftopconsulting.md%2Fro%2Fservice%2Fasistenta-procesuala-in-implementarea-sistemelor-operationale%2F|||&#8221;][vc_empty_space height=&#8221;30px&#8221;][\/vc_column_inner][\/vc_row_inner][vc_row_inner][vc_column_inner width=&#8221;1\/2&#8243;][vc_icon icon_fontawesome=&#8221;fa fa-graduation-cap&#8221; color=&#8221;white&#8221; background_style=&#8221;rounded&#8221; background_color=&#8221;blue&#8221; align=&#8221;center&#8221; el_class=&#8221;icon-services-adaptive&#8221; link=&#8221;url:http%3A%2F%2Ftopconsulting.md%2Fro%2Fservice%2Felaborarea-studiilor-de-fezabilitate%2F|||&#8221;][vc_custom_heading text=&#8221;Elaborarea studiilor de fezabilitate&#8221; font_container=&#8221;tag:h4|font_size:20|text_align:left|color:%23242424|line_height:1.2em&#8221; use_theme_fonts=&#8221;yes&#8221; css=&#8221;.vc_custom_1553636657387{margin-top: 0px !important;margin-bottom: 10px !important;padding-left: 80px !important;}&#8221; el_class=&#8221;tt-title&#8221;][vc_column_text css=&#8221;.vc_custom_1553636675251{padding-left: 80px !important;}&#8221;]Un Studiu de Fezabilitate are drept scop analiza viabilit\u0103\u0163ii unei idei de afacere, care v\u0103 va permite s\u0103 &#8230;[\/vc_column_text][vc_custom_heading text=&#8221;Cite\u0219te mai mult&#8221; font_container=&#8221;tag:h4|font_size:16|text_align:left|color:%23242424|line_height:1em&#8221; use_theme_fonts=&#8221;yes&#8221; css=&#8221;.vc_custom_1553636702099{margin-top: 0px !important;margin-bottom: 10px !important;padding-left: 80px !important;}&#8221; el_class=&#8221;read-more-categories-services&#8221; link=&#8221;url:http%3A%2F%2Ftopconsulting.md%2Fro%2Fservice%2Felaborarea-studiilor-de-fezabilitate%2F|||&#8221;][vc_empty_space height=&#8221;30px&#8221;][\/vc_column_inner][vc_column_inner width=&#8221;1\/2&#8243;][vc_icon icon_fontawesome=&#8221;fa fa-clipboard&#8221; color=&#8221;white&#8221; background_style=&#8221;rounded&#8221; background_color=&#8221;blue&#8221; align=&#8221;center&#8221; el_class=&#8221;icon-services-adaptive&#8221; link=&#8221;url:http%3A%2F%2Ftopconsulting.md%2Fro%2Fservice%2Felaborarea-business-planurilor%2F|||&#8221;][vc_custom_heading text=&#8221;Elaborarea business-planurilor&#8221; font_container=&#8221;tag:h4|font_size:20|text_align:left|color:%23242424|line_height:1.2em&#8221; use_theme_fonts=&#8221;yes&#8221; css=&#8221;.vc_custom_1553636727715{margin-top: 0px !important;margin-bottom: 10px !important;padding-left: 80px !important;}&#8221; el_class=&#8221;tt-title&#8221;][vc_column_text css=&#8221;.vc_custom_1553636734819{padding-left: 80px !important;}&#8221;]Dori\u0163i s\u0103 da\u0163i via\u0163\u0103 unei idei de afaceri? Dori\u0163i s\u0103 demonstra\u021bi investitorilor, ac\u0163ionarilor sau creditorilor &#8230;[\/vc_column_text][vc_custom_heading text=&#8221;Cite\u0219te mai mult&#8221; font_container=&#8221;tag:h4|font_size:16|text_align:left|color:%23242424|line_height:1em&#8221; use_theme_fonts=&#8221;yes&#8221; css=&#8221;.vc_custom_1553636747003{margin-top: 0px !important;margin-bottom: 10px !important;padding-left: 80px !important;}&#8221; el_class=&#8221;read-more-categories-services&#8221; link=&#8221;url:http%3A%2F%2Ftopconsulting.md%2Fro%2Fservice%2Felaborarea-business-planurilor%2F|||&#8221;][vc_empty_space height=&#8221;30px&#8221;][\/vc_column_inner][\/vc_row_inner][vc_row_inner][vc_column_inner width=&#8221;1\/2&#8243;][vc_icon icon_fontawesome=&#8221;fa fa-files-o&#8221; color=&#8221;white&#8221; background_style=&#8221;rounded&#8221; background_color=&#8221;blue&#8221; align=&#8221;center&#8221; el_class=&#8221;icon-services-adaptive&#8221; link=&#8221;url:http%3A%2F%2Ftopconsulting.md%2Fro%2Fservice%2Felaborarea-studiilor-de-fezabilitate%2F|||&#8221;][vc_custom_heading text=&#8221;Asisten\u021b\u0103 \u00een ob\u021binerea marcajului CE&#8221; font_container=&#8221;tag:h4|font_size:20|text_align:left|color:%23242424|line_height:1.2em&#8221; use_theme_fonts=&#8221;yes&#8221; css=&#8221;.vc_custom_1593436487104{margin-top: 0px !important;margin-bottom: 10px !important;padding-left: 80px !important;}&#8221; el_class=&#8221;tt-title&#8221;][vc_column_text css=&#8221;.vc_custom_1593436505137{padding-left: 80px !important;}&#8221;]Certificarea de conformitate reprezint\u0103 un document rezultat \u00een urma unui proces realizat de o entitate &#8230;[\/vc_column_text][vc_custom_heading text=&#8221;Cite\u0219te mai mult&#8221; font_container=&#8221;tag:h4|font_size:16|text_align:left|color:%23242424|line_height:1em&#8221; use_theme_fonts=&#8221;yes&#8221; css=&#8221;.vc_custom_1553636702099{margin-top: 0px !important;margin-bottom: 10px !important;padding-left: 80px !important;}&#8221; el_class=&#8221;read-more-categories-services&#8221; link=&#8221;url:http%3A%2F%2Ftopconsulting.md%2Fro%2Fservice%2Felaborarea-studiilor-de-fezabilitate%2F|||&#8221;][vc_empty_space height=&#8221;30px&#8221;][\/vc_column_inner][vc_column_inner width=&#8221;1\/2&#8243;][vc_icon icon_fontawesome=&#8221;fa fa-lock&#8221; color=&#8221;white&#8221; background_style=&#8221;rounded&#8221; background_color=&#8221;blue&#8221; align=&#8221;center&#8221; el_class=&#8221;icon-services-adaptive&#8221; link=&#8221;url:http%3A%2F%2Ftopconsulting.md%2Fro%2Fservice%2Felaborarea-business-planurilor%2F|||&#8221;][vc_custom_heading text=&#8221;Elaborarea \u0219i implementarea sistemului de management conform ISO 37001&#8243; font_container=&#8221;tag:h4|font_size:20|text_align:left|color:%23242424|line_height:1.2em&#8221; use_theme_fonts=&#8221;yes&#8221; css=&#8221;.vc_custom_1593436603311{margin-top: 0px !important;margin-bottom: 10px !important;padding-left: 80px !important;}&#8221; el_class=&#8221;tt-title&#8221;][vc_column_text css=&#8221;.vc_custom_1593436885765{padding-left: 80px !important;}&#8221;]ISO 37001 \u2013 Sisteme de management anti-mit\u0103 este primul standard interna\u021bional elaborat de ISO care se refer\u0103 la mit\u0103&#8230;..[\/vc_column_text][vc_custom_heading text=&#8221;Cite\u0219te mai mult&#8221; font_container=&#8221;tag:h4|font_size:16|text_align:left|color:%23242424|line_height:1em&#8221; use_theme_fonts=&#8221;yes&#8221; css=&#8221;.vc_custom_1593436806877{margin-top: 0px !important;margin-bottom: 10px !important;padding-left: 80px !important;}&#8221; el_class=&#8221;read-more-categories-services&#8221; link=&#8221;url:https%3A%2F%2Ftopconsulting.md%2Fro%2Fservice%2Fiso-37001-2%2F|||&#8221;][vc_empty_space height=&#8221;30px&#8221;][\/vc_column_inner][\/vc_row_inner][vc_row_inner][vc_column_inner width=&#8221;1\/2&#8243;][vc_icon icon_fontawesome=&#8221;fa fa-cutlery&#8221; color=&#8221;white&#8221; background_style=&#8221;rounded&#8221; background_color=&#8221;blue&#8221; align=&#8221;center&#8221; el_class=&#8221;icon-services-adaptive&#8221; link=&#8221;url:https%3A%2F%2Ftopconsulting.md%2Fro%2Fservice%2Fimplementarea-cerintelor-haccp%2F|||&#8221;][vc_custom_heading text=&#8221;Implementarea cerin\u021belor HACCP&#8221; font_container=&#8221;tag:h4|font_size:20|text_align:left|color:%23242424|line_height:1.2em&#8221; use_theme_fonts=&#8221;yes&#8221; css=&#8221;.vc_custom_1608549264647{margin-top: 0px !important;margin-bottom: 10px !important;padding-left: 80px !important;}&#8221; el_class=&#8221;tt-title&#8221;][vc_column_text css=&#8221;.vc_custom_1608549287030{padding-left: 80px !important;}&#8221;]Ce este HACCP? HACCP este un acronim de provenien\u021b\u0103 englez\u0103 \u201e HAZARD ANALYSIS AND CRITICAL CONTROL PROCES \u201d&#8230;&#8230;[\/vc_column_text][vc_custom_heading text=&#8221;Cite\u0219te mai mult&#8221; font_container=&#8221;tag:h4|font_size:16|text_align:left|color:%23242424|line_height:1em&#8221; use_theme_fonts=&#8221;yes&#8221; css=&#8221;.vc_custom_1608549305430{margin-top: 0px !important;margin-bottom: 10px !important;padding-left: 80px !important;}&#8221; el_class=&#8221;read-more-categories-services&#8221; link=&#8221;url:https%3A%2F%2Ftopconsulting.md%2Fro%2Fservice%2Fimplementarea-cerintelor-haccp%2F|||&#8221;][vc_empty_space height=&#8221;30px&#8221;][\/vc_column_inner][\/vc_row_inner][\/vc_column][\/vc_row][\/vc_section]<\/p>\n","protected":false},"excerpt":{"rendered":"<p>[vc_section full_width=&#8221;stretch_row&#8221; el_class=&#8221;single-service-page-area&#8221; css=&#8221;.vc_custom_1532147956300{padding-top: 90px !important;padding-bottom: 40px !important;}&#8221;][vc_row gap=&#8221;10&#8243;][vc_column width=&#8221;1\/4&#8243; el_class=&#8221;tt-sidebar-service-list&#8221;][vc_widget_sidebar sidebar_id=&#8221;default-sidebar&#8221;][vc_empty_space height=&#8221;10px&#8221;][\/vc_column][vc_column width=&#8221;3\/4&#8243; el_class=&#8221;has-left-sidebar service-single-content&#8221;][vc_row_inner][vc_column_inner width=&#8221;1\/2&#8243;][vc_icon icon_fontawesome=&#8221;fa fa-users&#8221; color=&#8221;white&#8221; background_style=&#8221;rounded&#8221; background_color=&#8221;blue&#8221; align=&#8221;center&#8221; el_class=&#8221;icon-services-adaptive&#8221; link=&#8221;url:http%3A%2F%2Ftopconsulting.md%2Fro%2Fservice%2Forganizarea-si-restructurarea-companiei%2F|||&#8221;][vc_custom_heading text=&#8221;Organizarea \u0219i restructurarea companiei&#8221; font_container=&#8221;tag:h4|font_size:20|text_align:left|color:%23242424|line_height:1.2em&#8221; [&hellip;]<\/p>\n","protected":false},"author":1,"featured_media":0,"parent":0,"menu_order":6,"comment_status":"closed","ping_status":"closed","template":"","meta":{"advgb_blocks_editor_width":"","advgb_blocks_columns_visual_guide":"","footnotes":""},"yst_prominent_words":[2119,2105,2123,2109,2117,2115,2121,2107,2114,2110,2113,2118,2104,2116,2122,2108,2111,2120,2106,2112],"class_list":["post-4271","page","type-page","status-publish","hentry"],"coauthors":[],"author_meta":{"author_link":"https:\/\/topconsulting.md\/ro\/author\/consult\/","display_name":"consult"},"relative_dates":{"created":"Posted 7 ani ago","modified":"Updated 5 ani ago"},"absolute_dates":{"created":"Posted on februarie 17, 2019","modified":"Updated on decembrie 21, 2020"},"absolute_dates_time":{"created":"Posted on februarie 17, 2019 10:58 am","modified":"Updated on decembrie 21, 2020 11:15 am"},"featured_img_caption":"","featured_img":false,"series_order":"","_links":{"self":[{"href":"https:\/\/topconsulting.md\/ro\/wp-json\/wp\/v2\/pages\/4271\/"}],"collection":[{"href":"https:\/\/topconsulting.md\/ro\/wp-json\/wp\/v2\/pages\/"}],"about":[{"href":"https:\/\/topconsulting.md\/ro\/wp-json\/wp\/v2\/types\/page\/"}],"author":[{"embeddable":true,"href":"https:\/\/topconsulting.md\/ro\/wp-json\/wp\/v2\/users\/1\/"}],"replies":[{"embeddable":true,"href":"https:\/\/topconsulting.md\/ro\/wp-json\/wp\/v2\/comments\/?post=4271"}],"version-history":[{"count":6,"href":"https:\/\/topconsulting.md\/ro\/wp-json\/wp\/v2\/pages\/4271\/revisions\/"}],"predecessor-version":[{"id":5064,"href":"https:\/\/topconsulting.md\/ro\/wp-json\/wp\/v2\/pages\/4271\/revisions\/5064\/"}],"wp:attachment":[{"href":"https:\/\/topconsulting.md\/ro\/wp-json\/wp\/v2\/media\/?parent=4271"}],"wp:term":[{"taxonomy":"yst_prominent_words","embeddable":true,"href":"https:\/\/topconsulting.md\/ro\/wp-json\/wp\/v2\/yst_prominent_words\/?post=4271"}],"curies":[{"name":"wp","href":"https:\/\/api.w.org\/{rel}","templated":true}]}}